{"id":5788,"date":"2023-03-21T06:00:37","date_gmt":"2023-03-21T06:00:37","guid":{"rendered":"https:\/\/doktor24.hu\/?page_id=5788"},"modified":"2024-05-10T11:16:49","modified_gmt":"2024-05-10T11:16:49","slug":"professionals","status":"publish","type":"page","link":"https:\/\/doktor24.hu\/en\/professionals\/","title":{"rendered":"Professionals"},"content":{"rendered":"","protected":false},"excerpt":{"rendered":"","protected":false},"author":1,"featured_media":0,"parent":0,"menu_order":0,"comment_status":"closed","ping_status":"closed","template":"page-templates\/page-orvosok-search.php","meta":{"_acf_changed":false,"footnotes":""},"class_list":["post-5788","page","type-page","status-publish","hentry"],"acf":[],"yoast_head":"<!-- This site is optimized with the Yoast SEO plugin v27.0 - https:\/\/yoast.com\/product\/yoast-seo-wordpress\/ -->\n<title>Professionals &#8211; Doktor24<\/title>\n<meta name=\"description\" content=\"&quot;Top specialists: surgery, otolaryngology, orthopedics, radiology, immunology, gastronenterology, pediatrics, and more. Book your appointment now!\" \/>\n<meta name=\"robots\" content=\"index, follow, max-snippet:-1, max-image-preview:large, max-video-preview:-1\" \/>\n<link rel=\"canonical\" href=\"https:\/\/doktor24.hu\/en\/professionals\/\" \/>\n<meta property=\"og:locale\" content=\"en_US\" \/>\n<meta property=\"og:type\" content=\"article\" \/>\n<meta property=\"og:title\" content=\"Professionals &#8211; Doktor24\" \/>\n<meta property=\"og:description\" content=\"&quot;Top specialists: surgery, otolaryngology, orthopedics, radiology, immunology, gastronenterology, pediatrics, and more. Book your appointment now!\" \/>\n<meta property=\"og:url\" content=\"https:\/\/doktor24.hu\/en\/professionals\/\" \/>\n<meta property=\"og:site_name\" content=\"Doktor24\" \/>\n<meta property=\"article:publisher\" content=\"https:\/\/www.facebook.com\/doktor24.hu\" \/>\n<meta property=\"article:modified_time\" content=\"2024-05-10T11:16:49+00:00\" \/>\n<meta name=\"twitter:card\" content=\"summary_large_image\" \/>\n<script type=\"application\/ld+json\" class=\"yoast-schema-graph\">{\"@context\":\"https:\/\/schema.org\",\"@graph\":[{\"@type\":\"WebPage\",\"@id\":\"https:\/\/doktor24.hu\/en\/professionals\/\",\"url\":\"https:\/\/doktor24.hu\/en\/professionals\/\",\"name\":\"Professionals &#8211; Doktor24\",\"isPartOf\":{\"@id\":\"https:\/\/doktor24.hu\/#website\"},\"datePublished\":\"2023-03-21T06:00:37+00:00\",\"dateModified\":\"2024-05-10T11:16:49+00:00\",\"description\":\"\\\\\\\"Top specialists: surgery, otolaryngology, orthopedics, radiology, immunology, gastronenterology, pediatrics, and more. Book your appointment now!\",\"inLanguage\":\"en-US\",\"potentialAction\":[{\"@type\":\"ReadAction\",\"target\":[\"https:\/\/doktor24.hu\/en\/professionals\/\"]}]},{\"@type\":\"WebSite\",\"@id\":\"https:\/\/doktor24.hu\/#website\",\"url\":\"https:\/\/doktor24.hu\/\",\"name\":\"Doktor24\",\"description\":\"Mag\u00e1neg\u00e9szs\u00e9g\u00fcgy mindenkinek.\",\"publisher\":{\"@id\":\"https:\/\/doktor24.hu\/#organization\"},\"potentialAction\":[{\"@type\":\"SearchAction\",\"target\":{\"@type\":\"EntryPoint\",\"urlTemplate\":\"https:\/\/doktor24.hu\/?s={search_term_string}\"},\"query-input\":{\"@type\":\"PropertyValueSpecification\",\"valueRequired\":true,\"valueName\":\"search_term_string\"}}],\"inLanguage\":\"en-US\"},{\"@type\":\"Organization\",\"@id\":\"https:\/\/doktor24.hu\/#organization\",\"name\":\"Doktor24 Csoport\",\"url\":\"https:\/\/doktor24.hu\/\",\"logo\":{\"@type\":\"ImageObject\",\"inLanguage\":\"en-US\",\"@id\":\"https:\/\/doktor24.hu\/#\/schema\/logo\/image\/\",\"url\":\"https:\/\/doktor24.hu\/wp-content\/uploads\/2022\/02\/logo2.svg\",\"contentUrl\":\"https:\/\/doktor24.hu\/wp-content\/uploads\/2022\/02\/logo2.svg\",\"width\":309,\"height\":81,\"caption\":\"Doktor24 Csoport\"},\"image\":{\"@id\":\"https:\/\/doktor24.hu\/#\/schema\/logo\/image\/\"},\"sameAs\":[\"https:\/\/www.facebook.com\/doktor24.hu\",\"https:\/\/www.instagram.com\/doktor24_csoport\/\",\"https:\/\/www.linkedin.com\/company\/doktor24-magyarorszag\/\",\"https:\/\/www.youtube.com\/channel\/UCyddr1tJfJ4ugWgyt40RIKw\"]}]}<\/script>\n<!-- \/ Yoast SEO plugin. -->","yoast_head_json":{"title":"Professionals &#8211; Doktor24","description":"\"Top specialists: surgery, otolaryngology, orthopedics, radiology, immunology, gastronenterology, pediatrics, and more. Book your appointment now!","robots":{"index":"index","follow":"follow","max-snippet":"max-snippet:-1","max-image-preview":"max-image-preview:large","max-video-preview":"max-video-preview:-1"},"canonical":"https:\/\/doktor24.hu\/en\/professionals\/","og_locale":"en_US","og_type":"article","og_title":"Professionals &#8211; Doktor24","og_description":"\"Top specialists: surgery, otolaryngology, orthopedics, radiology, immunology, gastronenterology, pediatrics, and more. Book your appointment now!","og_url":"https:\/\/doktor24.hu\/en\/professionals\/","og_site_name":"Doktor24","article_publisher":"https:\/\/www.facebook.com\/doktor24.hu","article_modified_time":"2024-05-10T11:16:49+00:00","twitter_card":"summary_large_image","schema":{"@context":"https:\/\/schema.org","@graph":[{"@type":"WebPage","@id":"https:\/\/doktor24.hu\/en\/professionals\/","url":"https:\/\/doktor24.hu\/en\/professionals\/","name":"Professionals &#8211; Doktor24","isPartOf":{"@id":"https:\/\/doktor24.hu\/#website"},"datePublished":"2023-03-21T06:00:37+00:00","dateModified":"2024-05-10T11:16:49+00:00","description":"\\\"Top specialists: surgery, otolaryngology, orthopedics, radiology, immunology, gastronenterology, pediatrics, and more. Book your appointment now!","inLanguage":"en-US","potentialAction":[{"@type":"ReadAction","target":["https:\/\/doktor24.hu\/en\/professionals\/"]}]},{"@type":"WebSite","@id":"https:\/\/doktor24.hu\/#website","url":"https:\/\/doktor24.hu\/","name":"Doktor24","description":"Mag\u00e1neg\u00e9szs\u00e9g\u00fcgy mindenkinek.","publisher":{"@id":"https:\/\/doktor24.hu\/#organization"},"potentialAction":[{"@type":"SearchAction","target":{"@type":"EntryPoint","urlTemplate":"https:\/\/doktor24.hu\/?s={search_term_string}"},"query-input":{"@type":"PropertyValueSpecification","valueRequired":true,"valueName":"search_term_string"}}],"inLanguage":"en-US"},{"@type":"Organization","@id":"https:\/\/doktor24.hu\/#organization","name":"Doktor24 Csoport","url":"https:\/\/doktor24.hu\/","logo":{"@type":"ImageObject","inLanguage":"en-US","@id":"https:\/\/doktor24.hu\/#\/schema\/logo\/image\/","url":"https:\/\/doktor24.hu\/wp-content\/uploads\/2022\/02\/logo2.svg","contentUrl":"https:\/\/doktor24.hu\/wp-content\/uploads\/2022\/02\/logo2.svg","width":309,"height":81,"caption":"Doktor24 Csoport"},"image":{"@id":"https:\/\/doktor24.hu\/#\/schema\/logo\/image\/"},"sameAs":["https:\/\/www.facebook.com\/doktor24.hu","https:\/\/www.instagram.com\/doktor24_csoport\/","https:\/\/www.linkedin.com\/company\/doktor24-magyarorszag\/","https:\/\/www.youtube.com\/channel\/UCyddr1tJfJ4ugWgyt40RIKw"]}]}},"_links":{"self":[{"href":"https:\/\/doktor24.hu\/en\/wp-json\/wp\/v2\/pages\/5788","targetHints":{"allow":["GET"]}}],"collection":[{"href":"https:\/\/doktor24.hu\/en\/wp-json\/wp\/v2\/pages"}],"about":[{"href":"https:\/\/doktor24.hu\/en\/wp-json\/wp\/v2\/types\/page"}],"author":[{"embeddable":true,"href":"https:\/\/doktor24.hu\/en\/wp-json\/wp\/v2\/users\/1"}],"replies":[{"embeddable":true,"href":"https:\/\/doktor24.hu\/en\/wp-json\/wp\/v2\/comments?post=5788"}],"version-history":[{"count":3,"href":"https:\/\/doktor24.hu\/en\/wp-json\/wp\/v2\/pages\/5788\/revisions"}],"predecessor-version":[{"id":7737,"href":"https:\/\/doktor24.hu\/en\/wp-json\/wp\/v2\/pages\/5788\/revisions\/7737"}],"wp:attachment":[{"href":"https:\/\/doktor24.hu\/en\/wp-json\/wp\/v2\/media?parent=5788"}],"curies":[{"name":"wp","href":"https:\/\/api.w.org\/{rel}","templated":true}]}}